{"id":791,"date":"2023-09-21T15:13:06","date_gmt":"2023-09-21T15:13:06","guid":{"rendered":"http:\/\/www.talentstrategie.com\/restauration\/"},"modified":"2023-12-04T18:17:01","modified_gmt":"2023-12-04T18:17:01","slug":"restauration","status":"publish","type":"page","link":"http:\/\/www.talentstrategie.com\/en\/restauration\/","title":{"rendered":"Restaurants Sho&#8217;RH"},"content":{"rendered":"","protected":false},"excerpt":{"rendered":"","protected":false},"author":7,"featured_media":0,"parent":0,"menu_order":0,"comment_status":"closed","ping_status":"closed","template":"templates\/services.php","meta":{"_acf_changed":false,"footnotes":""},"class_list":["post-791","page","type-page","status-publish","hentry"],"acf":[],"yoast_head":"<!-- This site is optimized with the Yoast SEO plugin v27.3 - https:\/\/yoast.com\/product\/yoast-seo-wordpress\/ -->\n<title>Services RH sur mesure pour les restaurants | Sho&#039;RH<\/title>\n<meta name=\"description\" content=\"Les services RH sp\u00e9cialis\u00e9s pour les restaurateurs de Sho!RH : conseils RH, recrutement et r\u00e9tention, \u00e9quit\u00e9 salariale et plan de rel\u00e8ve.\" \/>\n<meta name=\"robots\" content=\"index, follow, max-snippet:-1, max-image-preview:large, max-video-preview:-1\" \/>\n<link rel=\"canonical\" href=\"http:\/\/www.talentstrategie.com\/en\/restauration\/\" \/>\n<meta property=\"og:locale\" content=\"en_US\" \/>\n<meta property=\"og:type\" content=\"article\" \/>\n<meta property=\"og:title\" content=\"Services RH sur mesure pour les restaurants | Sho&#039;RH\" \/>\n<meta property=\"og:description\" content=\"Les services RH sp\u00e9cialis\u00e9s pour les restaurateurs de Sho!RH : conseils RH, recrutement et r\u00e9tention, \u00e9quit\u00e9 salariale et plan de rel\u00e8ve.\" \/>\n<meta property=\"og:url\" content=\"http:\/\/www.talentstrategie.com\/en\/restauration\/\" \/>\n<meta property=\"og:site_name\" content=\"Talent Strat\u00e9gie\" \/>\n<meta property=\"article:modified_time\" content=\"2023-12-04T18:17:01+00:00\" \/>\n<meta name=\"twitter:card\" content=\"summary_large_image\" \/>\n<script type=\"application\/ld+json\" class=\"yoast-schema-graph\">{\"@context\":\"https:\\\/\\\/schema.org\",\"@graph\":[{\"@type\":\"WebPage\",\"@id\":\"http:\\\/\\\/www.talentstrategie.com\\\/en\\\/restauration\\\/\",\"url\":\"http:\\\/\\\/www.talentstrategie.com\\\/en\\\/restauration\\\/\",\"name\":\"Services RH sur mesure pour les restaurants | Sho'RH\",\"isPartOf\":{\"@id\":\"http:\\\/\\\/www.talentstrategie.com\\\/#website\"},\"datePublished\":\"2023-09-21T15:13:06+00:00\",\"dateModified\":\"2023-12-04T18:17:01+00:00\",\"description\":\"Les services RH sp\u00e9cialis\u00e9s pour les restaurateurs de Sho!RH : conseils RH, recrutement et r\u00e9tention, \u00e9quit\u00e9 salariale et plan de rel\u00e8ve.\",\"breadcrumb\":{\"@id\":\"http:\\\/\\\/www.talentstrategie.com\\\/en\\\/restauration\\\/#breadcrumb\"},\"inLanguage\":\"en-US\",\"potentialAction\":[{\"@type\":\"ReadAction\",\"target\":[\"http:\\\/\\\/www.talentstrategie.com\\\/en\\\/restauration\\\/\"]}]},{\"@type\":\"BreadcrumbList\",\"@id\":\"http:\\\/\\\/www.talentstrategie.com\\\/en\\\/restauration\\\/#breadcrumb\",\"itemListElement\":[{\"@type\":\"ListItem\",\"position\":1,\"name\":\"Accueil\",\"item\":\"http:\\\/\\\/www.talentstrategie.com\\\/en\\\/\"},{\"@type\":\"ListItem\",\"position\":2,\"name\":\"Restaurants Sho&rsquo;RH\"}]},{\"@type\":\"WebSite\",\"@id\":\"http:\\\/\\\/www.talentstrategie.com\\\/#website\",\"url\":\"http:\\\/\\\/www.talentstrategie.com\\\/\",\"name\":\"Talent Strat\u00e9gie\",\"description\":\"\",\"publisher\":{\"@id\":\"http:\\\/\\\/www.talentstrategie.com\\\/#organization\"},\"potentialAction\":[{\"@type\":\"SearchAction\",\"target\":{\"@type\":\"EntryPoint\",\"urlTemplate\":\"http:\\\/\\\/www.talentstrategie.com\\\/?s={search_term_string}\"},\"query-input\":{\"@type\":\"PropertyValueSpecification\",\"valueRequired\":true,\"valueName\":\"search_term_string\"}}],\"inLanguage\":\"en-US\"},{\"@type\":\"Organization\",\"@id\":\"http:\\\/\\\/www.talentstrategie.com\\\/#organization\",\"name\":\"Talent Strat\u00e9gie\",\"url\":\"http:\\\/\\\/www.talentstrategie.com\\\/\",\"logo\":{\"@type\":\"ImageObject\",\"inLanguage\":\"en-US\",\"@id\":\"http:\\\/\\\/www.talentstrategie.com\\\/#\\\/schema\\\/logo\\\/image\\\/\",\"url\":\"http:\\\/\\\/www.talentstrategie.com\\\/wp-content\\\/uploads\\\/2021\\\/03\\\/cropped-favicon2.png\",\"contentUrl\":\"http:\\\/\\\/www.talentstrategie.com\\\/wp-content\\\/uploads\\\/2021\\\/03\\\/cropped-favicon2.png\",\"width\":512,\"height\":512,\"caption\":\"Talent Strat\u00e9gie\"},\"image\":{\"@id\":\"http:\\\/\\\/www.talentstrategie.com\\\/#\\\/schema\\\/logo\\\/image\\\/\"}}]}<\/script>\n<!-- \/ Yoast SEO plugin. -->","yoast_head_json":{"title":"Services RH sur mesure pour les restaurants | Sho'RH","description":"Les services RH sp\u00e9cialis\u00e9s pour les restaurateurs de Sho!RH : conseils RH, recrutement et r\u00e9tention, \u00e9quit\u00e9 salariale et plan de rel\u00e8ve.","robots":{"index":"index","follow":"follow","max-snippet":"max-snippet:-1","max-image-preview":"max-image-preview:large","max-video-preview":"max-video-preview:-1"},"canonical":"http:\/\/www.talentstrategie.com\/en\/restauration\/","og_locale":"en_US","og_type":"article","og_title":"Services RH sur mesure pour les restaurants | Sho'RH","og_description":"Les services RH sp\u00e9cialis\u00e9s pour les restaurateurs de Sho!RH : conseils RH, recrutement et r\u00e9tention, \u00e9quit\u00e9 salariale et plan de rel\u00e8ve.","og_url":"http:\/\/www.talentstrategie.com\/en\/restauration\/","og_site_name":"Talent Strat\u00e9gie","article_modified_time":"2023-12-04T18:17:01+00:00","twitter_card":"summary_large_image","schema":{"@context":"https:\/\/schema.org","@graph":[{"@type":"WebPage","@id":"http:\/\/www.talentstrategie.com\/en\/restauration\/","url":"http:\/\/www.talentstrategie.com\/en\/restauration\/","name":"Services RH sur mesure pour les restaurants | Sho'RH","isPartOf":{"@id":"http:\/\/www.talentstrategie.com\/#website"},"datePublished":"2023-09-21T15:13:06+00:00","dateModified":"2023-12-04T18:17:01+00:00","description":"Les services RH sp\u00e9cialis\u00e9s pour les restaurateurs de Sho!RH : conseils RH, recrutement et r\u00e9tention, \u00e9quit\u00e9 salariale et plan de rel\u00e8ve.","breadcrumb":{"@id":"http:\/\/www.talentstrategie.com\/en\/restauration\/#breadcrumb"},"inLanguage":"en-US","potentialAction":[{"@type":"ReadAction","target":["http:\/\/www.talentstrategie.com\/en\/restauration\/"]}]},{"@type":"BreadcrumbList","@id":"http:\/\/www.talentstrategie.com\/en\/restauration\/#breadcrumb","itemListElement":[{"@type":"ListItem","position":1,"name":"Accueil","item":"http:\/\/www.talentstrategie.com\/en\/"},{"@type":"ListItem","position":2,"name":"Restaurants Sho&rsquo;RH"}]},{"@type":"WebSite","@id":"http:\/\/www.talentstrategie.com\/#website","url":"http:\/\/www.talentstrategie.com\/","name":"Talent Strat\u00e9gie","description":"","publisher":{"@id":"http:\/\/www.talentstrategie.com\/#organization"},"potentialAction":[{"@type":"SearchAction","target":{"@type":"EntryPoint","urlTemplate":"http:\/\/www.talentstrategie.com\/?s={search_term_string}"},"query-input":{"@type":"PropertyValueSpecification","valueRequired":true,"valueName":"search_term_string"}}],"inLanguage":"en-US"},{"@type":"Organization","@id":"http:\/\/www.talentstrategie.com\/#organization","name":"Talent Strat\u00e9gie","url":"http:\/\/www.talentstrategie.com\/","logo":{"@type":"ImageObject","inLanguage":"en-US","@id":"http:\/\/www.talentstrategie.com\/#\/schema\/logo\/image\/","url":"http:\/\/www.talentstrategie.com\/wp-content\/uploads\/2021\/03\/cropped-favicon2.png","contentUrl":"http:\/\/www.talentstrategie.com\/wp-content\/uploads\/2021\/03\/cropped-favicon2.png","width":512,"height":512,"caption":"Talent Strat\u00e9gie"},"image":{"@id":"http:\/\/www.talentstrategie.com\/#\/schema\/logo\/image\/"}}]}},"_links":{"self":[{"href":"http:\/\/www.talentstrategie.com\/en\/wp-json\/wp\/v2\/pages\/791","targetHints":{"allow":["GET"]}}],"collection":[{"href":"http:\/\/www.talentstrategie.com\/en\/wp-json\/wp\/v2\/pages"}],"about":[{"href":"http:\/\/www.talentstrategie.com\/en\/wp-json\/wp\/v2\/types\/page"}],"author":[{"embeddable":true,"href":"http:\/\/www.talentstrategie.com\/en\/wp-json\/wp\/v2\/users\/7"}],"replies":[{"embeddable":true,"href":"http:\/\/www.talentstrategie.com\/en\/wp-json\/wp\/v2\/comments?post=791"}],"version-history":[{"count":11,"href":"http:\/\/www.talentstrategie.com\/en\/wp-json\/wp\/v2\/pages\/791\/revisions"}],"predecessor-version":[{"id":852,"href":"http:\/\/www.talentstrategie.com\/en\/wp-json\/wp\/v2\/pages\/791\/revisions\/852"}],"wp:attachment":[{"href":"http:\/\/www.talentstrategie.com\/en\/wp-json\/wp\/v2\/media?parent=791"}],"curies":[{"name":"wp","href":"https:\/\/api.w.org\/{rel}","templated":true}]}}